{"id":788,"date":"2022-12-31T14:32:45","date_gmt":"2022-12-31T14:32:45","guid":{"rendered":"https:\/\/branka-art.ch\/?page_id=788"},"modified":"2023-01-03T18:51:52","modified_gmt":"2023-01-03T18:51:52","slug":"lasergravuren","status":"publish","type":"page","link":"https:\/\/branka-art.ch\/?page_id=788","title":{"rendered":"Lasergravuren"},"content":{"rendered":"<p><strong>Ich gestalte f\u00fcr dich ein Geschenk zum einzigartigen Unikat.<\/strong><\/p>\n<p><strong>Du nennst mir die gew\u00fcnschte Gravur, und ich gestalte f\u00fcr dich ein individuelles und pers\u00f6nliches Geschenk, das lange viel Freude bereitet.<\/strong><\/p>\n<p>Ein personalisiertes Geschenk eignet sich bestens zu jedem Anlass, sei es zum Geburtstag, zur Hochzeit, zum Jubil\u00e4um oder als Werbegeschenk.&nbsp;<br \/>\n<strong>Der kleine Unterschied mit grosser Wirkung.<\/strong><\/p>\n<p>Schneidebretter, Schiefertafeln oder Kellen sind einige von unz\u00e4hligen Produkten, die ich mit meinem Laserger\u00e4t gravieren kann.<\/p>\n<p><strong>Kreativit\u00e4t ohne Grenzen.<\/strong><\/p>\n<p>&nbsp;<\/p>\n<p>Melde dich bei mir, ich berate dich gerne.<\/p>\n","protected":false},"excerpt":{"rendered":"<p>Ich gestalte f\u00fcr dich ein Geschenk zum einzigartigen Unikat. Du nennst mir die gew\u00fcnschte Gravur, und ich gestalte f\u00fcr dich ein individuelles und pers\u00f6nliches Geschenk, das lange viel Freude bereitet. Ein personalisiertes Geschenk eignet sich bestens zu jedem Anlass, sei es zum Geburtstag, zur Hochzeit, zum Jubil\u00e4um oder als Werbegeschenk.&nbsp; Der kleine Unterschied mit grosser Wirkung. Schneidebretter, Schiefertafeln oder Kellen sind einige von unz\u00e4hligen Produkten, die ich mit meinem Laserger\u00e4t gravieren kann. Kreativit\u00e4t ohne Grenzen. &nbsp; Melde dich bei mir, ich berate dich gerne.<\/p>\n","protected":false},"author":13,"featured_media":0,"parent":0,"menu_order":0,"comment_status":"closed","ping_status":"closed","template":"","meta":{"ngg_post_thumbnail":0,"footnotes":""},"class_list":["post-788","page","type-page","status-publish","hentry"],"_links":{"self":[{"href":"https:\/\/branka-art.ch\/index.php?rest_route=\/wp\/v2\/pages\/788","targetHints":{"allow":["GET"]}}],"collection":[{"href":"https:\/\/branka-art.ch\/index.php?rest_route=\/wp\/v2\/pages"}],"about":[{"href":"https:\/\/branka-art.ch\/index.php?rest_route=\/wp\/v2\/types\/page"}],"author":[{"embeddable":true,"href":"https:\/\/branka-art.ch\/index.php?rest_route=\/wp\/v2\/users\/13"}],"replies":[{"embeddable":true,"href":"https:\/\/branka-art.ch\/index.php?rest_route=%2Fwp%2Fv2%2Fcomments&post=788"}],"version-history":[{"count":3,"href":"https:\/\/branka-art.ch\/index.php?rest_route=\/wp\/v2\/pages\/788\/revisions"}],"predecessor-version":[{"id":795,"href":"https:\/\/branka-art.ch\/index.php?rest_route=\/wp\/v2\/pages\/788\/revisions\/795"}],"wp:attachment":[{"href":"https:\/\/branka-art.ch\/index.php?rest_route=%2Fwp%2Fv2%2Fmedia&parent=788"}],"curies":[{"name":"wp","href":"https:\/\/api.w.org\/{rel}","templated":true}]}}